{"id":843,"date":"2023-07-13T16:35:25","date_gmt":"2023-07-13T14:35:25","guid":{"rendered":"https:\/\/www.tropical-village-resort.com\/activites\/"},"modified":"2024-01-17T12:16:25","modified_gmt":"2024-01-17T11:16:25","slug":"activites","status":"publish","type":"page","link":"https:\/\/www.tropical-village-resort.com\/en\/activites\/","title":{"rendered":"Activities"},"content":{"rendered":"<p style=\"text-align: center;\">You\u2019ll find a wide range of activities. We offer you unusual activities to help you discover Thailand and its idyllic island. Discover breathtaking landscapes on land and sea, beaches, excursions, snorkeling, temples, yoga, cooking classes and much more.<\/p>\n","protected":false},"excerpt":{"rendered":"<p>You\u2019ll find a wide range of activities. We offer you unusual activities to help you discover Thailand and its idyllic island. Discover breathtaking landscapes on land and sea, beaches, excursions, snorkeling, temples, yoga, cooking classes and much more.<\/p>\n","protected":false},"author":1,"featured_media":0,"parent":0,"menu_order":100,"comment_status":"closed","ping_status":"closed","template":"","meta":{"_acf_changed":false,"footnotes":""},"class_list":["post-843","page","type-page","status-publish","hentry"],"acf":[],"yoast_head":"<!-- This site is optimized with the Yoast SEO plugin v26.3 - https:\/\/yoast.com\/wordpress\/plugins\/seo\/ -->\n<title>Activities - Tropical Village Resort<\/title>\n<meta name=\"description\" content=\"Nous vous proposons des activit\u00e9s insolites afin de vous faire d\u00e9couvrir la Tha\u00eflande et son \u00eele paradisiaque : Koh Samui.\" \/>\n<meta name=\"robots\" content=\"index, follow, max-snippet:-1, max-image-preview:large, max-video-preview:-1\" \/>\n<link rel=\"canonical\" href=\"https:\/\/www.tropical-village-resort.com\/en\/activites\/\" \/>\n<meta property=\"og:locale\" content=\"en_US\" \/>\n<meta property=\"og:type\" content=\"article\" \/>\n<meta property=\"og:title\" content=\"Activities - Tropical Village Resort\" \/>\n<meta property=\"og:description\" content=\"Nous vous proposons des activit\u00e9s insolites afin de vous faire d\u00e9couvrir la Tha\u00eflande et son \u00eele paradisiaque : Koh Samui.\" \/>\n<meta property=\"og:url\" content=\"https:\/\/www.tropical-village-resort.com\/en\/activites\/\" \/>\n<meta property=\"og:site_name\" content=\"Tropical Village Resort\" \/>\n<meta property=\"article:modified_time\" content=\"2024-01-17T11:16:25+00:00\" \/>\n<meta name=\"twitter:card\" content=\"summary_large_image\" \/>\n<meta name=\"twitter:label1\" content=\"Est. reading time\" \/>\n\t<meta name=\"twitter:data1\" content=\"1 minute\" \/>\n<script type=\"application\/ld+json\" class=\"yoast-schema-graph\">{\"@context\":\"https:\/\/schema.org\",\"@graph\":[{\"@type\":\"WebPage\",\"@id\":\"https:\/\/www.tropical-village-resort.com\/en\/activites\/\",\"url\":\"https:\/\/www.tropical-village-resort.com\/en\/activites\/\",\"name\":\"Activities - Tropical Village Resort\",\"isPartOf\":{\"@id\":\"https:\/\/www.tropical-village-resort.com\/en\/#website\"},\"datePublished\":\"2023-07-13T14:35:25+00:00\",\"dateModified\":\"2024-01-17T11:16:25+00:00\",\"description\":\"Nous vous proposons des activit\u00e9s insolites afin de vous faire d\u00e9couvrir la Tha\u00eflande et son \u00eele paradisiaque : Koh Samui.\",\"breadcrumb\":{\"@id\":\"https:\/\/www.tropical-village-resort.com\/en\/activites\/#breadcrumb\"},\"inLanguage\":\"en-US\",\"potentialAction\":[{\"@type\":\"ReadAction\",\"target\":[\"https:\/\/www.tropical-village-resort.com\/en\/activites\/\"]}]},{\"@type\":\"BreadcrumbList\",\"@id\":\"https:\/\/www.tropical-village-resort.com\/en\/activites\/#breadcrumb\",\"itemListElement\":[{\"@type\":\"ListItem\",\"position\":1,\"name\":\"Home\",\"item\":\"https:\/\/www.tropical-village-resort.com\/en\/\"},{\"@type\":\"ListItem\",\"position\":2,\"name\":\"Activities\"}]},{\"@type\":\"WebSite\",\"@id\":\"https:\/\/www.tropical-village-resort.com\/en\/#website\",\"url\":\"https:\/\/www.tropical-village-resort.com\/en\/\",\"name\":\"Tropical Village Resort\",\"description\":\"\",\"publisher\":{\"@id\":\"https:\/\/www.tropical-village-resort.com\/en\/#organization\"},\"potentialAction\":[{\"@type\":\"SearchAction\",\"target\":{\"@type\":\"EntryPoint\",\"urlTemplate\":\"https:\/\/www.tropical-village-resort.com\/en\/?s={search_term_string}\"},\"query-input\":{\"@type\":\"PropertyValueSpecification\",\"valueRequired\":true,\"valueName\":\"search_term_string\"}}],\"inLanguage\":\"en-US\"},{\"@type\":\"Organization\",\"@id\":\"https:\/\/www.tropical-village-resort.com\/en\/#organization\",\"name\":\"Tropical Village Resort\",\"url\":\"https:\/\/www.tropical-village-resort.com\/en\/\",\"logo\":{\"@type\":\"ImageObject\",\"inLanguage\":\"en-US\",\"@id\":\"https:\/\/www.tropical-village-resort.com\/en\/#\/schema\/logo\/image\/\",\"url\":\"https:\/\/www.tropical-village-resort.com\/wp-content\/uploads\/2023\/07\/logo-tropical-village-resort.png\",\"contentUrl\":\"https:\/\/www.tropical-village-resort.com\/wp-content\/uploads\/2023\/07\/logo-tropical-village-resort.png\",\"width\":1250,\"height\":1250,\"caption\":\"Tropical Village Resort\"},\"image\":{\"@id\":\"https:\/\/www.tropical-village-resort.com\/en\/#\/schema\/logo\/image\/\"}}]}<\/script>\n<!-- \/ Yoast SEO plugin. -->","yoast_head_json":{"title":"Activities - Tropical Village Resort","description":"Nous vous proposons des activit\u00e9s insolites afin de vous faire d\u00e9couvrir la Tha\u00eflande et son \u00eele paradisiaque : Koh Samui.","robots":{"index":"index","follow":"follow","max-snippet":"max-snippet:-1","max-image-preview":"max-image-preview:large","max-video-preview":"max-video-preview:-1"},"canonical":"https:\/\/www.tropical-village-resort.com\/en\/activites\/","og_locale":"en_US","og_type":"article","og_title":"Activities - Tropical Village Resort","og_description":"Nous vous proposons des activit\u00e9s insolites afin de vous faire d\u00e9couvrir la Tha\u00eflande et son \u00eele paradisiaque : Koh Samui.","og_url":"https:\/\/www.tropical-village-resort.com\/en\/activites\/","og_site_name":"Tropical Village Resort","article_modified_time":"2024-01-17T11:16:25+00:00","twitter_card":"summary_large_image","twitter_misc":{"Est. reading time":"1 minute"},"schema":{"@context":"https:\/\/schema.org","@graph":[{"@type":"WebPage","@id":"https:\/\/www.tropical-village-resort.com\/en\/activites\/","url":"https:\/\/www.tropical-village-resort.com\/en\/activites\/","name":"Activities - Tropical Village Resort","isPartOf":{"@id":"https:\/\/www.tropical-village-resort.com\/en\/#website"},"datePublished":"2023-07-13T14:35:25+00:00","dateModified":"2024-01-17T11:16:25+00:00","description":"Nous vous proposons des activit\u00e9s insolites afin de vous faire d\u00e9couvrir la Tha\u00eflande et son \u00eele paradisiaque : Koh Samui.","breadcrumb":{"@id":"https:\/\/www.tropical-village-resort.com\/en\/activites\/#breadcrumb"},"inLanguage":"en-US","potentialAction":[{"@type":"ReadAction","target":["https:\/\/www.tropical-village-resort.com\/en\/activites\/"]}]},{"@type":"BreadcrumbList","@id":"https:\/\/www.tropical-village-resort.com\/en\/activites\/#breadcrumb","itemListElement":[{"@type":"ListItem","position":1,"name":"Home","item":"https:\/\/www.tropical-village-resort.com\/en\/"},{"@type":"ListItem","position":2,"name":"Activities"}]},{"@type":"WebSite","@id":"https:\/\/www.tropical-village-resort.com\/en\/#website","url":"https:\/\/www.tropical-village-resort.com\/en\/","name":"Tropical Village Resort","description":"","publisher":{"@id":"https:\/\/www.tropical-village-resort.com\/en\/#organization"},"potentialAction":[{"@type":"SearchAction","target":{"@type":"EntryPoint","urlTemplate":"https:\/\/www.tropical-village-resort.com\/en\/?s={search_term_string}"},"query-input":{"@type":"PropertyValueSpecification","valueRequired":true,"valueName":"search_term_string"}}],"inLanguage":"en-US"},{"@type":"Organization","@id":"https:\/\/www.tropical-village-resort.com\/en\/#organization","name":"Tropical Village Resort","url":"https:\/\/www.tropical-village-resort.com\/en\/","logo":{"@type":"ImageObject","inLanguage":"en-US","@id":"https:\/\/www.tropical-village-resort.com\/en\/#\/schema\/logo\/image\/","url":"https:\/\/www.tropical-village-resort.com\/wp-content\/uploads\/2023\/07\/logo-tropical-village-resort.png","contentUrl":"https:\/\/www.tropical-village-resort.com\/wp-content\/uploads\/2023\/07\/logo-tropical-village-resort.png","width":1250,"height":1250,"caption":"Tropical Village Resort"},"image":{"@id":"https:\/\/www.tropical-village-resort.com\/en\/#\/schema\/logo\/image\/"}}]}},"_links":{"self":[{"href":"https:\/\/www.tropical-village-resort.com\/en\/wp-json\/wp\/v2\/pages\/843","targetHints":{"allow":["GET"]}}],"collection":[{"href":"https:\/\/www.tropical-village-resort.com\/en\/wp-json\/wp\/v2\/pages"}],"about":[{"href":"https:\/\/www.tropical-village-resort.com\/en\/wp-json\/wp\/v2\/types\/page"}],"author":[{"embeddable":true,"href":"https:\/\/www.tropical-village-resort.com\/en\/wp-json\/wp\/v2\/users\/1"}],"replies":[{"embeddable":true,"href":"https:\/\/www.tropical-village-resort.com\/en\/wp-json\/wp\/v2\/comments?post=843"}],"version-history":[{"count":3,"href":"https:\/\/www.tropical-village-resort.com\/en\/wp-json\/wp\/v2\/pages\/843\/revisions"}],"predecessor-version":[{"id":932,"href":"https:\/\/www.tropical-village-resort.com\/en\/wp-json\/wp\/v2\/pages\/843\/revisions\/932"}],"wp:attachment":[{"href":"https:\/\/www.tropical-village-resort.com\/en\/wp-json\/wp\/v2\/media?parent=843"}],"curies":[{"name":"wp","href":"https:\/\/api.w.org\/{rel}","templated":true}]}}